{"id":1878,"date":"2012-07-31T13:48:47","date_gmt":"2012-07-31T13:48:47","guid":{"rendered":"http:\/\/aulas.pro.br\/paulo\/?page_id=1878"},"modified":"2015-05-01T22:14:55","modified_gmt":"2015-05-02T01:14:55","slug":"design","status":"publish","type":"page","link":"https:\/\/paulopedott.com\/paulo\/?page_id=1878","title":{"rendered":"Design"},"content":{"rendered":"<p><strong>Paulo Pedott<\/strong><\/p>\n<ul>\n<li>Download do curr\u00edculo completo\u00a0<em><strong><a href=\"http:\/\/paulopedott.com\/bio\/CURRICULO.04.12d.pdf\" target=\"_blank\">aqui<\/a><\/strong><\/em><\/li>\n<li>English resume can be downloaded <em><strong> upon request<\/strong><\/em><span style=\"color: #c0c0c0;\"><strong><br \/>\n<\/strong><\/span><\/li>\n<\/ul>\n<p><a href=\"https:\/\/paulopedott.com\/paulo\/wp-content\/uploads\/2013\/02\/novocurrA3_2000.png\"><img decoding=\"async\" class=\"aligncenter size-large wp-image-2893\" src=\"https:\/\/paulopedott.com\/paulo\/wp-content\/uploads\/2013\/02\/novocurrA3_2000.png\" alt=\"novocurrA3_2000\" width=\"800\" \/><\/a><\/p>\n<ul>\n<li><strong>endere\u00e7o\u00a0<\/strong>|\u00a0R. Barros Cassal, 666 \/ 602\u00a0 Bairro Bom Fim Porto Alegre RS &#8211; CEP 90.035-030<strong>\u00a0\u00a0\u00a0\u00a0\u00a0\u00a0\u00a0\u00a0\u00a0\u00a0<\/strong><\/li>\n<li><strong>fones\u00a0<\/strong>|\u00a0\u00a0 51-3311.2152 \/ 51- 9981.3258<\/li>\n<li><strong>mail<\/strong>\u00a0|\u00a0\u00a0\u00a0\u00a0\u00a0<a href=\"mailto:ppedott@gmail.com\">ppedott@gmail.com<\/a><br \/>\n<strong>gtalk<em>\u00a0<\/em><\/strong>|\u00a0\u00a0\u00a0\u00a0<a href=\"mailto:ppedott@gmail.com\">ppedott@gmail.com<\/a><br \/>\n<strong>skype<\/strong>\u00a0|\u00a0\u00a0<a href=\"skype:ppedott?call\">ppedott<\/a><br \/>\n<strong>msn<\/strong>\u00a0|\u00a0\u00a0\u00a0\u00a0\u00a0<a href=\"mailto:ppedott@hotmail.com\">ppedott@hotmail.com<\/a><\/li>\n<li><strong>sites<\/strong>\u00a0|<\/li>\n<li><a href=\" http:\/\/paulopedott.com \">paulopedott.com\u00a0<\/a><\/li>\n<li><a href=\"http:\/\/blog.paulopedott.com\">blog.<\/a><a href=\" http:\/\/paulopedott.com \">paulopedott.com\u00a0<\/a>\u00a0\u2013 Tecnologia&amp;Design &#8211; Blog sobre cria\u00e7\u00e3o visual e tecnologia<\/li>\n<li><a href=\"http:\/\/works.paulopedott.com\">works.paulopedott.com<\/a><a href=\" http:\/\/paulopedott.com \">\u00a0<\/a>\u00a0\u2013 Portfolio eletr\u00f4nico<\/li>\n<li><a href=\"http:\/\/exlibris.paulopedott.com\">exlibris.paulopedott.com<\/a><a href=\" http:\/\/paulopedott.com \">\u00a0<\/a>\u00a0\u2013 Projeto pessoal<\/li>\n<li><a title=\"Curr\u00edculo Lattes\" href=\"http:\/\/lattes.cnpq.br\/2206418146376976\" target=\"_blank\">http:\/\/lattes.cnpq.br\/2206418146376976<\/a>\u00a0&#8211; Curr\u00edculo Lattes<\/li>\n<li><strong>Perfil profissional\u00a0<\/strong><strong>|<\/strong><strong>\u00a0<\/strong><\/li>\n<\/ul>\n<p>Publicit\u00e1rio, atua na \u00e1rea de cria\u00e7\u00e3o visual publicit\u00e1ria (Dire\u00e7\u00e3o de Arte) desde 1986; Consultor de planejamento em Publicidade na Internet (Webvertising), desde 2002 implementou e administra diversos websites, bem como presta consultoria em administra\u00e7\u00e3o de Ag\u00eancias de Propaganda, de forma local ou remota. Possui uma longa experi\u00eancia em gerenciamento de projetos via Internet e possui um website desde 2005 voltado para ensino e treinamento \u00e0 dist\u00e2ncia (http:\/\/aulas.paulopedott.com)<\/p>\n<ul>\n<li><strong>\u00a0<\/strong><strong>\u00c1rea de atua\u00e7\u00e3o\u00a0<\/strong><strong>|<\/strong><strong>\u00a0<\/strong><\/li>\n<\/ul>\n<p>Publicidade: Designer (portfolio em\u00a0<a href=\"http:\/\/works.paulopedott.com\">works.paulopedott.com<\/a>); Diretor de Arte; Planejamento de Comunica\u00e7\u00e3o; Consultoria em Marketing; Cria\u00e7\u00e3o de pe\u00e7as gr\u00e1ficas e eletr\u00f4nicas, como\u00a0<em>Web Sites, banners<\/em>\u00a0para Internet, An\u00fancios, Logotipos, Programa\u00e7\u00e3o Visual, Identidade Corporativa, Embalagens, Folders, Cat\u00e1logos Eletr\u00f4nicos, Apresenta\u00e7\u00f5es Multim\u00eddia, etc.<\/p>\n<ul>\n<li><strong>Habilidades\u00a0<\/strong><strong>|<\/strong><strong>\u00a0<\/strong><\/li>\n<\/ul>\n<p>Dom\u00ednio dos principais processos gr\u00e1ficos e eletr\u00f4nicos, especialista no uso de softwares gr\u00e1ficos como:<\/p>\n<ul>\n<li>Corel Draw! \/ Illustrator<\/li>\n<li>Page Maker \/ InDesign<\/li>\n<li>Photoshop<\/li>\n<\/ul>\n<p>&nbsp;<\/p>\n<ul>\n<li><strong>Idiomas\u00a0<\/strong><strong>|<\/strong><strong>\u00a0<\/strong><strong>\u00a0<\/strong><strong>\u00a0 \u00a0 \u00a0 \u00a0 \u00a0 \u00a0 \u00a0 \u00a0 \u00a0<\/strong><\/li>\n<li>Ingl\u00eas: Fluente para falar, ler e escrever<\/li>\n<li>Espanhol: Fluente para ler, satisfat\u00f3rio para falar<\/li>\n<\/ul>\n<p>&nbsp;<\/p>\n<ul>\n<li><strong>Educa\u00e7\u00e3o\u00a0<\/strong><strong>|<\/strong><strong>\u00a0<\/strong><strong>\u00a0 \u00a0<\/strong><\/li>\n<li><strong>2002<strong>\u00a0<\/strong><strong>|<\/strong><strong>\u00a0<\/strong>\u00a0<\/strong>Mestre em Administra\u00e7\u00e3o de Empresas no Programa de P\u00f3s-Gradua\u00e7\u00e3o da ESCOLA DE\u00a0ADMINISTRA\u00c7\u00c3O da UNIVERSIDADE\u00a0 FEDERAL DO RIO GRANDE DO SUL, tendo op\u00e7\u00e3o curricular em\u00a0<strong>Marketing<\/strong>\u00a0com a disserta\u00e7\u00e3o\u00a0<strong>Publicidade na Internet. A Internet como ferramenta de Comunica\u00e7\u00e3o de Marketing.<\/strong><\/li>\n<li><strong>1995<strong>\u00a0<\/strong><strong>|<\/strong><strong>\u00a0<\/strong>\u00a0<\/strong>Graduado em Ingl\u00eas para estrangeiros pelo CONTINUED EDUCATION PROGRAM no MONTGOMERY COLLEGE, ROCKVILLE &#8211; MD &#8211; USA.<\/li>\n<li><strong>1994<strong>\u00a0<\/strong><strong>|<\/strong><strong>\u00a0<\/strong>\u00a0<\/strong>Graduado em\u00a0<strong>Publicidade e Propaganda<\/strong>\u00a0pela FACULDADE DE BIBLIOTECONOMIA E COMUNICA\u00c7\u00c3O da UNIVERSIDADE\u00a0 FEDERAL DO RIO GRANDE DO SUL, PORTO ALEGRE &#8211; RS &#8211; BRASIL.<\/li>\n<\/ul>\n<p>&nbsp;<\/p>\n<ul>\n<li><strong>Experi\u00eancia profissional como publicit\u00e1rio\u00a0<\/strong><strong>|<\/strong><strong>\u00a0<\/strong><\/li>\n<li><strong>2004 \u2013 2009<strong>\u00a0<\/strong><strong>|<\/strong><strong>\u00a0<\/strong><\/strong><strong>Projeto TabaHost &#8211;\u00a0<\/strong><strong>Gerente do Projeto<\/strong> WEB internacional do servidor MMPOG compat\u00edvel com o jogo WarBirds de simula\u00e7\u00e3o de combate a\u00e9reo da Segunda Guerra Mundial referencias em\u00a0<a href=\"http:\/\/tabahost.dreamhosters.com\/\">http:\/\/tabahost.dreamhosters.com\/<\/a><\/li>\n<li><strong>\u00a0<\/strong><strong>1997- atual<strong>\u00a0<\/strong><strong>|<\/strong><strong>\u00a0<\/strong><\/strong><strong>PauloPedott Design<\/strong>\u00a0 (ex-CAT &#8211; Cria\u00e7\u00e3o em Arte e Texto) &#8211; Porto Alegre &#8211; RS\u00a0 (051-9981.3258 \/ 3311.2152) &#8211;\u00a0<strong>Designer e Diretor de Cria\u00e7\u00e3o<\/strong>; criando e produzindo\u00a0<em>Sites Web\u00a0<\/em>para publica\u00e7\u00e3o na\u00a0Internet, bem como criando e desenvolvendo solu\u00e7\u00f5es em comunica\u00e7\u00e3o gr\u00e1fica. eletr\u00f4nica e digital.<\/li>\n<li><strong>\u00a0<\/strong><strong>1996 &#8211; 1997<strong>\u00a0<\/strong><strong>|<\/strong><strong>\u00a0<\/strong><\/strong><strong>CAT<\/strong>\u00a0&#8211; Cria\u00e7\u00e3o em Arte e Texto &#8211; Porto Alegre &#8211; RS\u00a0 (051-9981.3258 \/ 331.7914) &#8211;\u00a0<strong>Publisher e Editor-Chefe<\/strong>\u00a0da Revista X PLANET, (www.xplanet.com.br), al\u00e9m de criar e\u00a0produzir\u00a0<em>Sites Web<\/em>\u00a0 para publica\u00e7\u00e3o na\u00a0 Internet.<\/li>\n<li><strong>\u00a0<\/strong><strong>1995<strong>\u00a0<\/strong><strong>|<\/strong><strong>\u00a0<\/strong><\/strong><strong>Proequipe\u00a0 Propaganda<\/strong>\u00a0&#8211; Caxias do Sul &#8211; RS &#8211; D<strong>iretor de Arte<\/strong>, tendo criado campanhas gr\u00e1ficas e eletr\u00f4nicas, com \u00eanfase em Marketing Direto.<\/li>\n<li><strong>\u00a0<\/strong><strong>1993 &#8211; 1994<strong>\u00a0<\/strong><strong>|<\/strong><strong>\u00a0<\/strong><\/strong><strong>America Propaganda<\/strong>\u00a0&#8211;\u00a0 Porto Alegre &#8211; RS &#8211;\u00a0<strong>Diretor de Arte<\/strong>, tendo criado campanhas gr\u00e1ficas e eletr\u00f4nicas, com \u00eanfase em Marketing Direto.<\/li>\n<li><strong>\u00a0<\/strong><strong>1990 &#8211; 1993<strong>\u00a0<\/strong><strong>|<\/strong><strong>\u00a0<\/strong><\/strong><strong>P.A.Z. Comunica\u00e7\u00e3o &amp; Marketing<\/strong>\u00a0&#8211; Porto Alegre &#8211; RS &#8211;\u00a0<strong>Diretor de Arte<\/strong>, tendo criado campanhas gr\u00e1ficas e eletr\u00f4nicas, com \u00eanfase em Embalagens.<\/li>\n<li><strong>1988 &#8211; 1990<strong>\u00a0<\/strong><strong>|<\/strong><strong>\u00a0<\/strong><\/strong><strong>BSA Propaganda &amp; Marketing<\/strong>\u00a0&#8211;\u00a0 Porto Alegre &#8211; RS &#8211;\u00a0<strong>Diretor de Cria\u00e7\u00e3o<\/strong>, tendo criado e produzido campanhas gr\u00e1ficas e eletr\u00f4nicas, com \u00eanfase em Lan\u00e7amentos Imobili\u00e1rios e Produtos Industriais.<\/li>\n<li><strong>\u00a0<\/strong><strong>1988<strong>\u00a0<\/strong><strong>|<\/strong><strong>\u00a0<\/strong><\/strong><strong>JB Propaganda<\/strong>\u00a0 &#8211;\u00a0 Novo Hamburgo &#8211; RS &#8211;\u00a0<strong>Diretor de Arte<\/strong>, tendo criado campanhas gr\u00e1ficas e eletr\u00f4nicas, com \u00eanfase em publicidade para Produtos Industriais.<\/li>\n<li><strong>\u00a0<\/strong><strong>1987<strong>\u00a0<\/strong><strong>|<\/strong><strong>\u00a0<\/strong><\/strong><strong>BSA Propaganda &amp; Marketing<\/strong>\u00a0&#8211;\u00a0 Porto Alegre &#8211; RS &#8211; <strong>Diretor de Arte<\/strong>\u00a0tendo criado e produzido campanhas gr\u00e1ficas e eletr\u00f4nicas, com \u00eanfases em \u00b7Lan\u00e7amentos Imobili\u00e1rios e Produtos Industriais.<\/li>\n<li><strong>\u00a0<\/strong><strong>1986<strong>\u00a0<\/strong><strong>|<\/strong><strong>\u00a0<\/strong><\/strong><strong>M\u00f3dulo Publicidade<\/strong>\u00a0&#8211;\u00a0 Porto Alegre &#8211; RS &#8211;\u00a0<strong>Estagi\u00e1rio<\/strong>, tendo participado da cria\u00e7\u00e3o campanhas gr\u00e1ficas e eletr\u00f4nicas, com \u00eanfase em Lan\u00e7amentos Imobili\u00e1rios, Varejo e Campanhas Pol\u00edticas.<\/li>\n<\/ul>\n<p>&nbsp;<\/p>\n<ul>\n<li><strong>Principais clientes atendidos\u00a0<\/strong><strong>|<\/strong><strong>\u00a0<\/strong><\/li>\n<\/ul>\n<p style=\"padding-left: 60px;\"><strong>UFRGS<\/strong><\/p>\n<p style=\"padding-left: 60px;\"><strong>RBS TV<\/strong><\/p>\n<p style=\"padding-left: 60px;\"><strong>Zero Hora<\/strong><\/p>\n<p style=\"padding-left: 60px;\"><strong>FFFCMPA<\/strong>\u00a0&#8211; Funda\u00e7\u00e3o Faculdade Federal de Ci\u00eancias M\u00e9dicas de Porto Alegre (Atual UFCSPA)<\/p>\n<p style=\"padding-left: 60px;\"><strong>Isabela S\/A Ind. Alim<\/strong>. &#8211; Massas e Biscoitos (Top de Marketing ADVB &#8211; 1991)<\/p>\n<p style=\"padding-left: 60px;\"><strong>Nacional Supermercados<\/strong>\u00a0(Top de Marketing ADVB &#8211; 1992)<\/p>\n<p style=\"padding-left: 60px;\"><strong>Projeto<\/strong>\u00a0Escola Infantil e de 1\u00ba grau<\/p>\n<p style=\"padding-left: 60px;\"><strong>Editora Projeto<\/strong>\u00a0&#8211; Livros Infantis<\/p>\n<p style=\"padding-left: 60px;\"><strong>SESI-RS<\/strong>\u00a0&#8211; Servi\u00e7o Social da Ind\u00fastria do Rio Grande do Sul<\/p>\n<p style=\"padding-left: 60px;\"><strong>Bortoncello Ltda<\/strong>. &#8211; Empreend. Imobili\u00e1rios<\/p>\n<p style=\"padding-left: 60px;\"><strong>Hotisa S.A<\/strong>. &#8211; Hot\u00e9is Continental<\/p>\n<p style=\"padding-left: 60px;\"><strong>Panambra S.A<\/strong>. &#8211; Revenda Volkswagen<\/p>\n<p style=\"padding-left: 60px;\"><strong>InterOp Inform\u00e1tica<\/strong><\/p>\n<p style=\"padding-left: 60px;\"><strong>Yazigi<\/strong>\u00a0&#8211; Escolas de Ingl\u00eas<\/p>\n<p style=\"padding-left: 60px;\"><strong>TCI computadores<\/strong><\/p>\n<p style=\"padding-left: 60px;\"><strong>Defensa S.A<\/strong>. &#8211; Ind\u00fastria Qu\u00edmica<\/p>\n<p style=\"padding-left: 60px;\"><strong>J\u00falio Bogoricin Im\u00f3veis<\/strong><\/p>\n<p style=\"padding-left: 60px;\"><strong>Escola Pastor Dohms<\/strong><\/p>\n<p style=\"padding-left: 60px;\"><strong>Kepler Weber<\/strong>\u00a0&#8211; Ind\u00fastria de Silos e Armazenagem<\/p>\n<p style=\"padding-left: 60px;\"><strong>DbServer &#8211; Inform\u00e1tica<\/strong><\/p>\n<p>download do curr\u00edculo completo\u00a0<em><strong><a href=\"http:\/\/paulopedott.com\/bio\/CURRICULO.04.12d.pdf\" target=\"_blank\">aqui<\/a><\/strong><\/em><\/p>\n<p>Se desejar uma cota\u00e7\u00e3o sem compromisso, basta solicitar pelo mail |\u00a0<a href=\"mailto:paulo@paulopedott.com\">paulo@paulopedott.com<br \/>\n<\/a>ou me chamar pelo fone 51-99813258<\/p>\n","protected":false},"excerpt":{"rendered":"<p>Paulo Pedott Download do curr\u00edculo completo\u00a0aqui English resume can be downloaded upon request endere\u00e7o\u00a0|\u00a0R. Barros Cassal, 666 \/ 602\u00a0 Bairro Bom Fim Porto Alegre RS &#8211; CEP 90.035-030\u00a0\u00a0\u00a0\u00a0\u00a0\u00a0\u00a0\u00a0\u00a0\u00a0 fones\u00a0|\u00a0\u00a0 51-3311.2152 \/ 51- 9981.3258 mail\u00a0|\u00a0\u00a0\u00a0\u00a0\u00a0ppedott@gmail.com gtalk\u00a0|\u00a0\u00a0\u00a0\u00a0ppedott@gmail.com skype\u00a0|\u00a0\u00a0ppedott msn\u00a0|\u00a0\u00a0\u00a0\u00a0\u00a0ppedott@hotmail.com sites\u00a0| paulopedott.com\u00a0 blog.paulopedott.com\u00a0\u00a0\u2013 Tecnologia&amp;Design &#8211; Blog sobre cria\u00e7\u00e3o visual e tecnologia works.paulopedott.com\u00a0\u00a0\u2013 Portfolio eletr\u00f4nico exlibris.paulopedott.com\u00a0\u00a0\u2013 Projeto pessoal http:\/\/lattes.cnpq.br\/2206418146376976\u00a0&#8211; [&hellip;]<\/p>\n","protected":false},"author":1,"featured_media":2893,"parent":0,"menu_order":0,"comment_status":"open","ping_status":"open","template":"","meta":{"footnotes":""},"class_list":["post-1878","page","type-page","status-publish","has-post-thumbnail","hentry"],"_links":{"self":[{"href":"https:\/\/paulopedott.com\/paulo\/index.php?rest_route=\/wp\/v2\/pages\/1878","targetHints":{"allow":["GET"]}}],"collection":[{"href":"https:\/\/paulopedott.com\/paulo\/index.php?rest_route=\/wp\/v2\/pages"}],"about":[{"href":"https:\/\/paulopedott.com\/paulo\/index.php?rest_route=\/wp\/v2\/types\/page"}],"author":[{"embeddable":true,"href":"https:\/\/paulopedott.com\/paulo\/index.php?rest_route=\/wp\/v2\/users\/1"}],"replies":[{"embeddable":true,"href":"https:\/\/paulopedott.com\/paulo\/index.php?rest_route=%2Fwp%2Fv2%2Fcomments&post=1878"}],"version-history":[{"count":16,"href":"https:\/\/paulopedott.com\/paulo\/index.php?rest_route=\/wp\/v2\/pages\/1878\/revisions"}],"predecessor-version":[{"id":6272,"href":"https:\/\/paulopedott.com\/paulo\/index.php?rest_route=\/wp\/v2\/pages\/1878\/revisions\/6272"}],"wp:featuredmedia":[{"embeddable":true,"href":"https:\/\/paulopedott.com\/paulo\/index.php?rest_route=\/wp\/v2\/media\/2893"}],"wp:attachment":[{"href":"https:\/\/paulopedott.com\/paulo\/index.php?rest_route=%2Fwp%2Fv2%2Fmedia&parent=1878"}],"curies":[{"name":"wp","href":"https:\/\/api.w.org\/{rel}","templated":true}]}}