{"id":578,"date":"2013-11-03T14:21:31","date_gmt":"2013-11-03T14:21:31","guid":{"rendered":"http:\/\/paulopedott.com\/works\/?page_id=578"},"modified":"2022-10-09T23:15:01","modified_gmt":"2022-10-09T23:15:01","slug":"about","status":"publish","type":"page","link":"https:\/\/paulopedott.com\/works\/about\/","title":{"rendered":"Sobre"},"content":{"rendered":"\n<p>PauloPedott Design :: Design + Marketing<\/p>\n\n\n\n<p>Oi! Eu sou o Paulo!<\/p>\n\n\n\n<p>Criador (Diretor de Arte) especializado naqueles projetos que demandam enorme tempo e\/ou pesquisa e que se tornam penosos, dispendiosos ou mesmo invi\u00e1veis para o dia-a-dia das ag\u00eancias ou de clientes finais.<\/p>\n\n\n\n<p>Publicit\u00e1rio, Criador Visual, Diretor de Arte, Designer desde 1986.<br>Professor Universit\u00e1rio desde 1997 nas melhores Universidades do Rio Grande do Sul.<br>Um verdadeiro \u201cOutsourced Creative Departament\u201d com 30 anos de experi\u00eancia trabalhando em ag\u00eancias de design e de publicidade, bem como&nbsp;professor universit\u00e1rio de cria\u00e7\u00e3o e produ\u00e7\u00e3o; com larga experi\u00eancia em projetos de&nbsp;Branding e Corporate ID; Endomarketing; Editoria; Web Media; Eventos e planejamento e execu\u00e7\u00e3o de Embalagens.&nbsp;\u00e0 sua disposi\u00e7\u00e3o para projetos free lance ou fixo.<\/p>\n\n\n\n<p>Com a vantagem de ser incrivelmente produtivo, pois vai estar focado APENAS no seu projeto, sem aquelas desgastantes interrup\u00e7\u00f5es causadas pelas necessidades do dia-a-dia das ag\u00eancias ou dos clientes finais.<br>Para conhecer um pouco mais da minha hist\u00f3ria e receber meu CV, por favor clique nos links abaixo:<\/p>\n\n\n\n<p><strong><a title=\"Profile\/Clients\" href=\"http:\/\/paulopedott.com\/paulo\/?page_id=5207\" target=\"_blank\" rel=\"noopener noreferrer\">Perfil\/ Clientes atendidos<\/a><\/strong> \u2022 <strong><a title=\"Bio Academic\" href=\"http:\/\/paulopedott.com\/paulo\/?page_id=2\" target=\"_blank\" rel=\"noopener noreferrer\">Curr\u00edculo como professor<\/a><\/strong> \u2022 <strong><a title=\"Bio Design\" href=\"http:\/\/paulopedott.com\/paulo\/?page_id=1878\" target=\"_blank\" rel=\"noopener noreferrer\">Curr\u00edculo como criador<\/a><\/strong><\/p>\n\n\n\n<p>Se desejar uma cota\u00e7\u00e3o sem compromisso, basta solicitar pelo mail | <a href=\"mailto:paulo@paulopedott.com\">paulo@paulopedott.com<\/a><\/p>\n\n\n\n<p>Areas de atua\u00e7\u00e3o:<br>Cria\u00e7\u00e3o: Programa\u00e7\u00e3o visual, Logos, Embalagens, Impressos, Web, An\u00fancios.<br>Acad\u00eamica: Professor de Cria\u00e7\u00e3o, Dire\u00e7\u00e3o de Arte, Produ\u00e7\u00e3o, Empreendedorismo.<\/p>\n\n\n\n<div class=\"wp-block-image\"><figure class=\"aligncenter\"><a href=\"https:\/\/paulopedott.com\/works\/wp-content\/uploads\/2013\/11\/novocurrA3_2000.png\"><img loading=\"lazy\" decoding=\"async\" width=\"2000\" height=\"1400\" src=\"https:\/\/paulopedott.com\/works\/wp-content\/uploads\/2013\/11\/novocurrA3_2000.png\" alt=\"novocurrA3_2000\" class=\"wp-image-506\" srcset=\"https:\/\/paulopedott.com\/works\/wp-content\/uploads\/2013\/11\/novocurrA3_2000.png 2000w, https:\/\/paulopedott.com\/works\/wp-content\/uploads\/2013\/11\/novocurrA3_2000-300x210.png 300w, https:\/\/paulopedott.com\/works\/wp-content\/uploads\/2013\/11\/novocurrA3_2000-1024x716.png 1024w, https:\/\/paulopedott.com\/works\/wp-content\/uploads\/2013\/11\/novocurrA3_2000-310x217.png 310w, https:\/\/paulopedott.com\/works\/wp-content\/uploads\/2013\/11\/novocurrA3_2000-770x539.png 770w\" sizes=\"(max-width: 2000px) 100vw, 2000px\" \/><\/a><\/figure><\/div>\n\n\n\n<h2 class=\"section-title wp-block-heading\">Contact<\/h2>\n\n\n\n<p><strong>fones&nbsp;<\/strong>|&nbsp;&nbsp; 51-3311.2152 \/ 51- 99981.3258<\/p>\n\n\n\n<p><strong>mail<\/strong> |&nbsp; ppedott@gmail.com<br>\n<strong><em>whatsapp<\/em><\/strong> | 51- 99981.3258<a href=\"skype:ppedott?call\"><br>\n<\/a>Instagram | <a href=\"https:\/\/www.instagram.com\/paulopedott\/\">paulopedott<br>\n<\/a>Linkedin |&nbsp;<a href=\"http:\/\/www.linkedin.com\/in\/paulopedott\">linkedin.com\/in\/paulopedott<br>\n<\/a><\/p>\n\n\n\n<figure class=\"wp-block-image\"><img decoding=\"async\" src=\"http:\/\/paulopedott.com\/paulo\/wp-content\/uploads\/2022\/10\/Vcard.gif\" alt=\"\" class=\"wp-image-7413\"\/><figcaption> <br> vCard <\/figcaption><\/figure>\n\n\n\n<p><\/p>\n\n\n","protected":false},"excerpt":{"rendered":"<p>PauloPedott Design :: Design + Marketing Oi! Eu sou o Paulo! Criador (Diretor de Arte) especializado naqueles projetos que demandam enorme tempo e\/ou pesquisa e que se tornam penosos, dispendiosos ou mesmo invi\u00e1veis para o dia-a-dia das ag\u00eancias ou de clientes finais. Publicit\u00e1rio, Criador Visual, Diretor de Arte, Designer desde 1986.Professor Universit\u00e1rio desde 1997 nas [&hellip;]<\/p>\n","protected":false},"author":1,"featured_media":0,"parent":0,"menu_order":0,"comment_status":"closed","ping_status":"open","template":"","meta":{"footnotes":""},"_links":{"self":[{"href":"https:\/\/paulopedott.com\/works\/wp-json\/wp\/v2\/pages\/578"}],"collection":[{"href":"https:\/\/paulopedott.com\/works\/wp-json\/wp\/v2\/pages"}],"about":[{"href":"https:\/\/paulopedott.com\/works\/wp-json\/wp\/v2\/types\/page"}],"author":[{"embeddable":true,"href":"https:\/\/paulopedott.com\/works\/wp-json\/wp\/v2\/users\/1"}],"replies":[{"embeddable":true,"href":"https:\/\/paulopedott.com\/works\/wp-json\/wp\/v2\/comments?post=578"}],"version-history":[{"count":16,"href":"https:\/\/paulopedott.com\/works\/wp-json\/wp\/v2\/pages\/578\/revisions"}],"predecessor-version":[{"id":960,"href":"https:\/\/paulopedott.com\/works\/wp-json\/wp\/v2\/pages\/578\/revisions\/960"}],"wp:attachment":[{"href":"https:\/\/paulopedott.com\/works\/wp-json\/wp\/v2\/media?parent=578"}],"curies":[{"name":"wp","href":"https:\/\/api.w.org\/{rel}","templated":true}]}}